{"id":488,"date":"2022-03-31T10:28:40","date_gmt":"2022-03-31T08:28:40","guid":{"rendered":"https:\/\/www.hotelcrnivrh.rs\/?page_id=488"},"modified":"2026-04-07T15:13:57","modified_gmt":"2026-04-07T13:13:57","slug":"smestaj","status":"publish","type":"page","link":"https:\/\/river.mojsmestaj.rs\/sr\/smestaj\/","title":{"rendered":"Sme\u0161taj"},"content":{"rendered":"\n<p>Hotel raspola\u017ee sa 15 komfornih i moderno opremljenih soba i apartmana. Sve sobe posjeduju privatna kupatila, zvu\u010dnu izolaciju, bade mantile, televizor, kuvalo za vodu i garderober, \u010dime je obezbije\u0111en visok nivo udobnosti i prakti\u010dnosti tokom boravka.<\/p>\n","protected":false},"excerpt":{"rendered":"<p>Hotel raspola\u017ee sa 15 komfornih i moderno opremljenih soba i apartmana. Sve sobe posjeduju privatna kupatila, zvu\u010dnu izolaciju, bade mantile, televizor, kuvalo za vodu i garderober, \u010dime je obezbije\u0111en visok nivo udobnosti i prakti\u010dnosti tokom boravka.<\/p>\n","protected":false},"author":1,"featured_media":3567,"parent":0,"menu_order":0,"comment_status":"closed","ping_status":"closed","template":"templates\/template-acc.php","meta":{"footnotes":""},"class_list":["post-488","page","type-page","status-publish","has-post-thumbnail","hentry"],"acf":[],"_links":{"self":[{"href":"https:\/\/river.mojsmestaj.rs\/sr\/wp-json\/wp\/v2\/pages\/488","targetHints":{"allow":["GET"]}}],"collection":[{"href":"https:\/\/river.mojsmestaj.rs\/sr\/wp-json\/wp\/v2\/pages"}],"about":[{"href":"https:\/\/river.mojsmestaj.rs\/sr\/wp-json\/wp\/v2\/types\/page"}],"author":[{"embeddable":true,"href":"https:\/\/river.mojsmestaj.rs\/sr\/wp-json\/wp\/v2\/users\/1"}],"replies":[{"embeddable":true,"href":"https:\/\/river.mojsmestaj.rs\/sr\/wp-json\/wp\/v2\/comments?post=488"}],"version-history":[{"count":9,"href":"https:\/\/river.mojsmestaj.rs\/sr\/wp-json\/wp\/v2\/pages\/488\/revisions"}],"predecessor-version":[{"id":3569,"href":"https:\/\/river.mojsmestaj.rs\/sr\/wp-json\/wp\/v2\/pages\/488\/revisions\/3569"}],"wp:featuredmedia":[{"embeddable":true,"href":"https:\/\/river.mojsmestaj.rs\/sr\/wp-json\/wp\/v2\/media\/3567"}],"wp:attachment":[{"href":"https:\/\/river.mojsmestaj.rs\/sr\/wp-json\/wp\/v2\/media?parent=488"}],"curies":[{"name":"wp","href":"https:\/\/api.w.org\/{rel}","templated":true}]}}